{"id":820,"date":"2020-03-17T02:32:43","date_gmt":"2020-03-17T05:32:43","guid":{"rendered":"https:\/\/iesandalgala-cat.infd.edu.ar\/sitio\/?page_id=820"},"modified":"2020-03-17T02:32:43","modified_gmt":"2020-03-17T05:32:43","slug":"tec-superior-en-administracion-y-gestion-de-empresas-de-alojamiento-y-gastronomicas","status":"publish","type":"page","link":"https:\/\/iesandalgala-cat.infd.edu.ar\/sitio\/oferta\/tec-superior-en-administracion-y-gestion-de-empresas-de-alojamiento-y-gastronomicas\/","title":{"rendered":"TEC. SUPERIOR EN ADMINISTRACI\u00d3N Y GESTI\u00d3N DE EMPRESAS DE ALOJAMIENTO Y GASTRON\u00d3MICAS"},"content":{"rendered":"<h5 style=\"text-align: center;\"><img decoding=\"async\" loading=\"lazy\" class=\"size-medium wp-image-821 aligncenter\" src=\"https:\/\/iesandalgala-cat.infd.edu.ar\/sitio\/wp-content\/uploads\/2020\/03\/WhatsApp-Image-2020-03-17-at-01.11.56-5-706x1000.jpeg\" alt=\"\" width=\"706\" height=\"1000\" srcset=\"https:\/\/iesandalgala-cat.infd.edu.ar\/sitio\/wp-content\/uploads\/2020\/03\/WhatsApp-Image-2020-03-17-at-01.11.56-5-706x1000.jpeg 706w, https:\/\/iesandalgala-cat.infd.edu.ar\/sitio\/wp-content\/uploads\/2020\/03\/WhatsApp-Image-2020-03-17-at-01.11.56-5-768x1087.jpeg 768w, https:\/\/iesandalgala-cat.infd.edu.ar\/sitio\/wp-content\/uploads\/2020\/03\/WhatsApp-Image-2020-03-17-at-01.11.56-5.jpeg 904w\" sizes=\"(max-width: 706px) 100vw, 706px\" \/><!--more--><a href=\"https:\/\/drive.google.com\/file\/d\/1vR3c26X5Wd2ppceLahcRb28MJNs7wlux\/view?usp=sharing\"><span style=\"color: #ff0000;\">PLAN DE ESTUDIOS<\/span><\/a><\/h5>\n","protected":false},"excerpt":{"rendered":"","protected":false},"author":133,"featured_media":0,"parent":730,"menu_order":0,"comment_status":"closed","ping_status":"closed","template":"","meta":[],"acf":[],"_links":{"self":[{"href":"https:\/\/iesandalgala-cat.infd.edu.ar\/sitio\/wp-json\/wp\/v2\/pages\/820"}],"collection":[{"href":"https:\/\/iesandalgala-cat.infd.edu.ar\/sitio\/wp-json\/wp\/v2\/pages"}],"about":[{"href":"https:\/\/iesandalgala-cat.infd.edu.ar\/sitio\/wp-json\/wp\/v2\/types\/page"}],"author":[{"embeddable":true,"href":"https:\/\/iesandalgala-cat.infd.edu.ar\/sitio\/wp-json\/wp\/v2\/users\/133"}],"replies":[{"embeddable":true,"href":"https:\/\/iesandalgala-cat.infd.edu.ar\/sitio\/wp-json\/wp\/v2\/comments?post=820"}],"version-history":[{"count":1,"href":"https:\/\/iesandalgala-cat.infd.edu.ar\/sitio\/wp-json\/wp\/v2\/pages\/820\/revisions"}],"predecessor-version":[{"id":822,"href":"https:\/\/iesandalgala-cat.infd.edu.ar\/sitio\/wp-json\/wp\/v2\/pages\/820\/revisions\/822"}],"up":[{"embeddable":true,"href":"https:\/\/iesandalgala-cat.infd.edu.ar\/sitio\/wp-json\/wp\/v2\/pages\/730"}],"wp:attachment":[{"href":"https:\/\/iesandalgala-cat.infd.edu.ar\/sitio\/wp-json\/wp\/v2\/media?parent=820"}],"curies":[{"name":"wp","href":"https:\/\/api.w.org\/{rel}","templated":true}]}}